{"id":378,"date":"2020-04-20T22:26:09","date_gmt":"2020-04-20T20:26:09","guid":{"rendered":"https:\/\/francoise-cros.com\/?page_id=378"},"modified":"2020-06-11T20:17:04","modified_gmt":"2020-06-11T18:17:04","slug":"mentions-legales","status":"publish","type":"page","link":"https:\/\/francoise-cros.com\/index.php\/mentions-legales\/","title":{"rendered":"Mentions l\u00e9gales"},"content":{"rendered":"\n<p>Fran\u00e7oise Cros, <\/p>\n\n\n\n<p>89 avenue de la R\u00e9plique, 92400 Courbevoie<\/p>\n\n\n\n<p>T\u00e9l : 06.08.07.73.57\u200b<\/p>\n\n\n\n<p>m\u00e9l : francoise.ceramique@gmail.com<\/p>\n\n\n\n<p>SIRET : 843 269 374 00016<\/p>\n\n\n\n<p>Site h\u00e9berg\u00e9 chez OVH : SAS au capital de 10 069 020 \u20ac<\/p>\n\n\n\n<p>RCS Lille M\u00e9tropole 424 761 419 00045Code APE 2620Z<br>N\u00b0 TVA : FR 22 424 761 419<br>Si\u00e8ge social : 2 rue Kellermann \u2013 59100 Roubaix \u2013 France<\/p>\n","protected":false},"excerpt":{"rendered":"<p>Fran\u00e7oise Cros, 89 avenue de la R\u00e9plique, 92400 Courbevoie T\u00e9l : 06.08.07.73.57\u200b m\u00e9l : francoise.ceramique@gmail.com SIRET : 843 269 374 00016 Site h\u00e9berg\u00e9 chez OVH : SAS au capital de 10 069 020 \u20ac RCS Lille M\u00e9tropole 424 761 419 00045Code APE 2620ZN\u00b0 TVA : FR 22 424 761 419Si\u00e8ge social : 2 rue Kellermann &hellip;<\/p>\n<p class=\"read-more\"> <a class=\"\" href=\"https:\/\/francoise-cros.com\/index.php\/mentions-legales\/\"> <span class=\"screen-reader-text\">Mentions l\u00e9gales<\/span> Lire la suite\u00a0\u00bb<\/a><\/p>\n","protected":false},"author":1,"featured_media":0,"parent":0,"menu_order":0,"comment_status":"closed","ping_status":"closed","template":"","meta":[],"_links":{"self":[{"href":"https:\/\/francoise-cros.com\/index.php\/wp-json\/wp\/v2\/pages\/378"}],"collection":[{"href":"https:\/\/francoise-cros.com\/index.php\/wp-json\/wp\/v2\/pages"}],"about":[{"href":"https:\/\/francoise-cros.com\/index.php\/wp-json\/wp\/v2\/types\/page"}],"author":[{"embeddable":true,"href":"https:\/\/francoise-cros.com\/index.php\/wp-json\/wp\/v2\/users\/1"}],"replies":[{"embeddable":true,"href":"https:\/\/francoise-cros.com\/index.php\/wp-json\/wp\/v2\/comments?post=378"}],"version-history":[{"count":4,"href":"https:\/\/francoise-cros.com\/index.php\/wp-json\/wp\/v2\/pages\/378\/revisions"}],"predecessor-version":[{"id":1450,"href":"https:\/\/francoise-cros.com\/index.php\/wp-json\/wp\/v2\/pages\/378\/revisions\/1450"}],"wp:attachment":[{"href":"https:\/\/francoise-cros.com\/index.php\/wp-json\/wp\/v2\/media?parent=378"}],"curies":[{"name":"wp","href":"https:\/\/api.w.org\/{rel}","templated":true}]}}